{"id":37,"date":"2022-12-28T19:23:31","date_gmt":"2022-12-28T18:23:31","guid":{"rendered":"http:\/\/lna-sportsdeglace.fr\/index.php\/contact-us\/"},"modified":"2023-10-26T12:56:33","modified_gmt":"2023-10-26T10:56:33","slug":"contactez-nous","status":"publish","type":"page","link":"https:\/\/lna-sportsdeglace.fr\/index.php\/contactez-nous\/","title":{"rendered":"Nous contacter"},"content":{"rendered":"\t\t<div data-elementor-type=\"wp-page\" data-elementor-id=\"37\" class=\"elementor elementor-37\">\n\t\t\t\t\t\t<section class=\"elementor-section elementor-top-section elementor-element elementor-element-317d8ff0 elementor-section-content-middle elementor-section-height-min-height elementor-section-items-stretch elementor-section-boxed elementor-section-height-default\" data-id=\"317d8ff0\" data-element_type=\"section\" data-e-type=\"section\">\n\t\t\t\t\t\t<div class=\"elementor-container elementor-column-gap-no\">\n\t\t\t\t\t<div class=\"elementor-column elementor-col-50 elementor-top-column elementor-element elementor-element-4d94fc38\" data-id=\"4d94fc38\" data-element_type=\"column\" data-e-type=\"column\">\n\t\t\t<div class=\"elementor-widget-wrap elementor-element-populated\">\n\t\t\t\t\t\t<div class=\"elementor-element elementor-element-6992ee5c elementor-invisible elementor-widget elementor-widget-heading\" data-id=\"6992ee5c\" data-element_type=\"widget\" data-e-type=\"widget\" data-settings=\"{&quot;_animation&quot;:&quot;fadeIn&quot;}\" data-widget_type=\"heading.default\">\n\t\t\t\t<div class=\"elementor-widget-container\">\n\t\t\t\t\t<h2 class=\"elementor-heading-title elementor-size-default\">Contactez-Nous<\/h2>\t\t\t\t<\/div>\n\t\t\t\t<\/div>\n\t\t\t\t<div class=\"elementor-element elementor-element-3b23d92d elementor-widget elementor-widget-text-editor\" data-id=\"3b23d92d\" data-element_type=\"widget\" data-e-type=\"widget\" data-widget_type=\"text-editor.default\">\n\t\t\t\t<div class=\"elementor-widget-container\">\n\t\t\t\t\t\t\t\t\t<p>\u00a0<\/p><p>\u00a0<\/p><p style=\"padding-left: 40px; text-align: right;\">Pr\u00e9sident : Eric BERGEROU<br \/><a href=\"mailto:ebergerou-president@lna-sportsdeglace.fr\">ebergerou-president@lna-sportsdeglace.fr<\/a><\/p><p style=\"padding-left: 40px; text-align: right;\">Secr\u00e9taire : Emmanuel BUSSON<br \/><a href=\"mailto:ebusson-secretaire@lna-sportsdeglace.fr\">ebusson-secretaire@lna-sportsdeglace.fr<\/a><\/p><p style=\"padding-left: 40px; text-align: right;\">Tr\u00e9sorier\u00a0 : Francis MULLER<br \/><a href=\"mailto:francis.muller-tresorier@lna-sportsdeglace.fr\">francis.muller-tresorier@lna-sportsdeglace.fr<\/a><\/p><p style=\"padding-left: 40px; text-align: right;\">Commission Communication<br \/><a href=\"mailto:communication@lna-sportsdeglace.fr\">communication@lna-sportsdeglace.fr<\/a><\/p><p style=\"padding-left: 40px; text-align: right;\">CSR Patinage Artistique<br \/><a href=\"mailto:artistique@lna-sportsdeglace.fr\">artistique@lna-sportsdeglace.fr<\/a><\/p><p style=\"padding-left: 40px; text-align: right;\">CSR Danse sur Glace<br \/><a class=\"email\" title=\"R\u00e9diger un courriel \u00e0\" href=\"mailto:chantal.sala-formation.danse@lna-sportsdeglace.fr\">chantal.sala-formation.danse@lna-sportsdeglace.fr<\/a><\/p><p style=\"padding-left: 40px; text-align: right;\">Commission Formation<br \/><a class=\"email\" title=\"R\u00e9diger un courriel \u00e0\" href=\"mailto:chantal.sala-formation.danse@lna-sportsdeglace.fr\">chantal.sala-formation.danse@lna-sportsdeglace.fr<\/a><\/p><p style=\"padding-left: 40px; text-align: right;\">Commission patinoire Z\u00e9ro Carbone<br \/><a href=\"mailto:patinoire.zerocarbone@lna-sportsdeglace.fr\" rel=\"noreferrer\">patinoire.zerocarbone@lna-sportsdeglace.fr<\/a><\/p><p style=\"padding-left: 40px; text-align: right;\">Maison R\u00e9gionale des Entra\u00eeneurs<\/p>\t\t\t\t\t\t\t\t<\/div>\n\t\t\t\t<\/div>\n\t\t\t\t\t<\/div>\n\t\t<\/div>\n\t\t\t\t<div class=\"elementor-column elementor-col-50 elementor-top-column elementor-element elementor-element-656184c6\" data-id=\"656184c6\" data-element_type=\"column\" data-e-type=\"column\" data-settings=\"{&quot;background_background&quot;:&quot;classic&quot;}\">\n\t\t\t<div class=\"elementor-widget-wrap\">\n\t\t\t\t\t\t\t<\/div>\n\t\t<\/div>\n\t\t\t\t\t<\/div>\n\t\t<\/section>\n\t\t\t\t<\/div>\n\t\t","protected":false},"excerpt":{"rendered":"<p>Contactez-Nous \u00a0 \u00a0 Pr\u00e9sident : Eric BERGEROUebergerou-president@lna-sportsdeglace.fr Secr\u00e9taire : Emmanuel BUSSONebusson-secretaire@lna-sportsdeglace.fr Tr\u00e9sorier\u00a0 : Francis MULLERfrancis.muller-tresorier@lna-sportsdeglace.fr Commission Communicationcommunication@lna-sportsdeglace.fr CSR Patinage Artistiqueartistique@lna-sportsdeglace.fr CSR Danse sur Glacechantal.sala-formation.danse@lna-sportsdeglace.fr Commission Formationchantal.sala-formation.danse@lna-sportsdeglace.fr Commission patinoire Z\u00e9ro Carbonepatinoire.zerocarbone@lna-sportsdeglace.fr Maison R\u00e9gionale des Entra\u00eeneurs<\/p>\n","protected":false},"author":1,"featured_media":0,"parent":0,"menu_order":0,"comment_status":"closed","ping_status":"closed","template":"elementor_header_footer","meta":{"footnotes":""},"class_list":["post-37","page","type-page","status-publish","hentry"],"_links":{"self":[{"href":"https:\/\/lna-sportsdeglace.fr\/index.php\/wp-json\/wp\/v2\/pages\/37","targetHints":{"allow":["GET"]}}],"collection":[{"href":"https:\/\/lna-sportsdeglace.fr\/index.php\/wp-json\/wp\/v2\/pages"}],"about":[{"href":"https:\/\/lna-sportsdeglace.fr\/index.php\/wp-json\/wp\/v2\/types\/page"}],"author":[{"embeddable":true,"href":"https:\/\/lna-sportsdeglace.fr\/index.php\/wp-json\/wp\/v2\/users\/1"}],"replies":[{"embeddable":true,"href":"https:\/\/lna-sportsdeglace.fr\/index.php\/wp-json\/wp\/v2\/comments?post=37"}],"version-history":[{"count":17,"href":"https:\/\/lna-sportsdeglace.fr\/index.php\/wp-json\/wp\/v2\/pages\/37\/revisions"}],"predecessor-version":[{"id":798,"href":"https:\/\/lna-sportsdeglace.fr\/index.php\/wp-json\/wp\/v2\/pages\/37\/revisions\/798"}],"wp:attachment":[{"href":"https:\/\/lna-sportsdeglace.fr\/index.php\/wp-json\/wp\/v2\/media?parent=37"}],"curies":[{"name":"wp","href":"https:\/\/api.w.org\/{rel}","templated":true}]}}